{"id":634,"date":"2017-10-19T14:37:58","date_gmt":"2017-10-19T12:37:58","guid":{"rendered":"https:\/\/www.dajsadokopy.sk\/rezervacny-system\/\/?page_id=634"},"modified":"2025-08-07T10:35:01","modified_gmt":"2025-08-07T08:35:01","slug":"nova-rezervacia","status":"publish","type":"page","link":"https:\/\/dajsadokopy.sk\/rezervacny-system\/nova-rezervacia\/","title":{"rendered":"Nov\u00e1 rezerv\u00e1cia"},"content":{"rendered":"\n<div class=\"wp-block-bookly-form\"><!--\nPlugin Name: Bookly - Responsive WordPress Appointment Booking and Scheduling Plugin\nPlugin URI: https:\/\/www.booking-wp-plugin.com\/?utm_source=bookly_admin&utm_medium=plugins_page&utm_campaign=plugins_page\nVersion: 27.5-->\n<style type=\"text\/css\">\n    :root {\n        --bookly-main-color: #b1cd41 !important;\n        --bookly-color: #b1cd41 !important;\n    }\n\n        .bookly-form .spinner {\n    visibility: hidden;\n}\n\n.bookly-label-error,\n.bookly-form .bookly-label-error {\n    color: red!important;\n    font-size: 16px !important;\n}\n\n.bookly-form input[type=\"text\"].bookly-error,\n.bookly-form input[type=\"password\"].bookly-error,\n.bookly-form select.bookly-error, .bookly-form textarea.bookly-error,\n.bookly-extra-step div.bookly-extras-thumb.bookly-extras-selected {\n    border: 2px solid red !important;\n}    <\/style><div class=\"bookly-css-root\">\n    <div id=\"bookly-form-container-69f50ab4c9412\" class=\"bookly-form\" data-form_id=\"\" aria-live=\"polite\">\n        <div style=\"text-align: center\"><img decoding=\"async\" src=\"https:\/\/dajsadokopy.sk\/rezervacny-system\/wp-includes\/js\/tinymce\/skins\/lightgray\/img\/loader.gif\" alt=\"Loading...\"\/><\/div>\n    <\/div>\n<\/div>\n<script type=\"text\/javascript\">\n    (function (win, fn) {\n        var done = false, top = true,\n            doc = win.document,\n            root = doc.documentElement,\n            modern = doc.addEventListener,\n            add = modern ? 'addEventListener' : 'attachEvent',\n            rem = modern ? 'removeEventListener' : 'detachEvent',\n            pre = modern ? '' : 'on',\n            init = function (e) {\n                if (e.type == 'readystatechange') if (doc.readyState != 'complete') return;\n                (e.type == 'load' ? win : doc)[rem](pre + e.type, init, false);\n                if (!done) {\n                    done = true;\n                    fn.call(win, e.type || e);\n                }\n            },\n            poll = function () {\n                try {\n                    root.doScroll('left');\n                } catch (e) {\n                    setTimeout(poll, 50);\n                    return;\n                }\n                init('poll');\n            };\n        if (doc.readyState == 'complete') fn.call(win, 'lazy');\n        else {\n            if (!modern) if (root.doScroll) {\n                try {\n                    top = !win.frameElement;\n                } catch (e) {\n                }\n                if (top) poll();\n            }\n            doc[add](pre + 'DOMContentLoaded', init, false);\n            doc[add](pre + 'readystatechange', init, false);\n            win[add](pre + 'load', init, false);\n        }\n    })(window, function () {\n        window.bookly( {\"form_id\":\"69f50ab4c9412\",\"form_data\":{\"skip_service_step\":0,\"hide_service_part1\":0,\"hide_service_part2\":1,\"defaults\":{\"service_id\":0,\"staff_id\":30,\"location_id\":1,\"category_id\":0,\"units\":0,\"date_from\":0,\"time_from\":0,\"time_to\":0}},\"status\":{\"booking\":\"new\"},\"form_token\":null,\"skip_steps\":{\"service_part1\":0,\"service_part2\":1,\"extras\":1,\"time\":0,\"repeat\":1,\"cart\":0},\"errors\":{\"session_error\":\"Session error.\",\"form_id_error\":\"Form ID error.\",\"cart_item_not_available\":\"Zv\\u00fdraznen\\u00fd term\\u00edn u\\u017e nieje dostupn\\u00fd, pros\\u00edm vyberte in\\u00fd.\",\"pay_locally_not_available\":\"Platba iba online\",\"invalid_gateway\":\"Invalid gateway.\",\"payment_error\":\"Chyba.\",\"incorrect_username_password\":\"Nespr\\u00e1vne pou\\u017e\\u00edvate\\u013esk\\u00e9 meno alebo heslo.\"},\"form_attributes\":{\"hide_categories\":true,\"hide_services\":false,\"hide_staff_members\":true,\"show_number_of_persons\":false,\"hide_service_duration\":true,\"hide_locations\":true,\"hide_quantity\":true,\"hide_date\":true,\"hide_week_days\":true,\"hide_time_range\":true},\"use_client_time_zone\":0,\"defaults\":{\"service_id\":0,\"staff_id\":30,\"location_id\":1,\"category_id\":0},\"datepicker_mode\":\"text-accent\",\"facebook\":{\"enabled\":0,\"appId\":\"\"},\"stripe\":{\"enabled\":1}} );\n    });\n<\/script><\/div>\n","protected":false},"excerpt":{"rendered":"","protected":false},"author":1,"featured_media":0,"parent":0,"menu_order":0,"comment_status":"closed","ping_status":"closed","template":"template-fullwidth.php","meta":{"footnotes":""},"class_list":["post-634","page","type-page","status-publish","hentry"],"yoast_head":"<!-- This site is optimized with the Yoast SEO plugin v27.5 - https:\/\/yoast.com\/product\/yoast-seo-wordpress\/ -->\n<title>Nov\u00e1 rezerv\u00e1cia - Dajsadokopy.sk<\/title>\n<meta name=\"robots\" content=\"index, follow, max-snippet:-1, max-image-preview:large, max-video-preview:-1\" \/>\n<link rel=\"canonical\" href=\"https:\/\/dajsadokopy.sk\/rezervacny-system\/nova-rezervacia\/\" \/>\n<meta property=\"og:locale\" content=\"sk_SK\" \/>\n<meta property=\"og:type\" content=\"article\" \/>\n<meta property=\"og:title\" content=\"Nov\u00e1 rezerv\u00e1cia - Dajsadokopy.sk\" \/>\n<meta property=\"og:url\" content=\"https:\/\/dajsadokopy.sk\/rezervacny-system\/nova-rezervacia\/\" \/>\n<meta property=\"og:site_name\" content=\"Dajsadokopy.sk - Rezerv\u00e1cie\" \/>\n<meta property=\"article:modified_time\" content=\"2025-08-07T08:35:01+00:00\" \/>\n<meta name=\"twitter:card\" content=\"summary_large_image\" \/>\n<meta name=\"twitter:label1\" content=\"Predpokladan\u00fd \u010das \u010d\u00edtania\" \/>\n\t<meta name=\"twitter:data1\" content=\"1 min\u00fata\" \/>\n<script type=\"application\/ld+json\" class=\"yoast-schema-graph\">{\"@context\":\"https:\\\/\\\/schema.org\",\"@graph\":[{\"@type\":\"WebPage\",\"@id\":\"https:\\\/\\\/dajsadokopy.sk\\\/rezervacny-system\\\/nova-rezervacia\\\/\",\"url\":\"https:\\\/\\\/dajsadokopy.sk\\\/rezervacny-system\\\/nova-rezervacia\\\/\",\"name\":\"Nov\u00e1 rezerv\u00e1cia - Dajsadokopy.sk\",\"isPartOf\":{\"@id\":\"https:\\\/\\\/dajsadokopy.sk\\\/rezervacny-system\\\/#website\"},\"datePublished\":\"2017-10-19T12:37:58+00:00\",\"dateModified\":\"2025-08-07T08:35:01+00:00\",\"inLanguage\":\"sk-SK\",\"potentialAction\":[{\"@type\":\"ReadAction\",\"target\":[\"https:\\\/\\\/dajsadokopy.sk\\\/rezervacny-system\\\/nova-rezervacia\\\/\"]}]},{\"@type\":\"WebSite\",\"@id\":\"https:\\\/\\\/dajsadokopy.sk\\\/rezervacny-system\\\/#website\",\"url\":\"https:\\\/\\\/dajsadokopy.sk\\\/rezervacny-system\\\/\",\"name\":\"Dajsadokopy.sk - Rezerv\u00e1cie\",\"description\":\"\",\"potentialAction\":[{\"@type\":\"SearchAction\",\"target\":{\"@type\":\"EntryPoint\",\"urlTemplate\":\"https:\\\/\\\/dajsadokopy.sk\\\/rezervacny-system\\\/?s={search_term_string}\"},\"query-input\":{\"@type\":\"PropertyValueSpecification\",\"valueRequired\":true,\"valueName\":\"search_term_string\"}}],\"inLanguage\":\"sk-SK\"}]}<\/script>\n<!-- \/ Yoast SEO plugin. -->","yoast_head_json":{"title":"Nov\u00e1 rezerv\u00e1cia - Dajsadokopy.sk","robots":{"index":"index","follow":"follow","max-snippet":"max-snippet:-1","max-image-preview":"max-image-preview:large","max-video-preview":"max-video-preview:-1"},"canonical":"https:\/\/dajsadokopy.sk\/rezervacny-system\/nova-rezervacia\/","og_locale":"sk_SK","og_type":"article","og_title":"Nov\u00e1 rezerv\u00e1cia - Dajsadokopy.sk","og_url":"https:\/\/dajsadokopy.sk\/rezervacny-system\/nova-rezervacia\/","og_site_name":"Dajsadokopy.sk - Rezerv\u00e1cie","article_modified_time":"2025-08-07T08:35:01+00:00","twitter_card":"summary_large_image","twitter_misc":{"Predpokladan\u00fd \u010das \u010d\u00edtania":"1 min\u00fata"},"schema":{"@context":"https:\/\/schema.org","@graph":[{"@type":"WebPage","@id":"https:\/\/dajsadokopy.sk\/rezervacny-system\/nova-rezervacia\/","url":"https:\/\/dajsadokopy.sk\/rezervacny-system\/nova-rezervacia\/","name":"Nov\u00e1 rezerv\u00e1cia - Dajsadokopy.sk","isPartOf":{"@id":"https:\/\/dajsadokopy.sk\/rezervacny-system\/#website"},"datePublished":"2017-10-19T12:37:58+00:00","dateModified":"2025-08-07T08:35:01+00:00","inLanguage":"sk-SK","potentialAction":[{"@type":"ReadAction","target":["https:\/\/dajsadokopy.sk\/rezervacny-system\/nova-rezervacia\/"]}]},{"@type":"WebSite","@id":"https:\/\/dajsadokopy.sk\/rezervacny-system\/#website","url":"https:\/\/dajsadokopy.sk\/rezervacny-system\/","name":"Dajsadokopy.sk - Rezerv\u00e1cie","description":"","potentialAction":[{"@type":"SearchAction","target":{"@type":"EntryPoint","urlTemplate":"https:\/\/dajsadokopy.sk\/rezervacny-system\/?s={search_term_string}"},"query-input":{"@type":"PropertyValueSpecification","valueRequired":true,"valueName":"search_term_string"}}],"inLanguage":"sk-SK"}]}},"_links":{"self":[{"href":"https:\/\/dajsadokopy.sk\/rezervacny-system\/wp-json\/wp\/v2\/pages\/634","targetHints":{"allow":["GET"]}}],"collection":[{"href":"https:\/\/dajsadokopy.sk\/rezervacny-system\/wp-json\/wp\/v2\/pages"}],"about":[{"href":"https:\/\/dajsadokopy.sk\/rezervacny-system\/wp-json\/wp\/v2\/types\/page"}],"author":[{"embeddable":true,"href":"https:\/\/dajsadokopy.sk\/rezervacny-system\/wp-json\/wp\/v2\/users\/1"}],"replies":[{"embeddable":true,"href":"https:\/\/dajsadokopy.sk\/rezervacny-system\/wp-json\/wp\/v2\/comments?post=634"}],"version-history":[{"count":26,"href":"https:\/\/dajsadokopy.sk\/rezervacny-system\/wp-json\/wp\/v2\/pages\/634\/revisions"}],"predecessor-version":[{"id":39542,"href":"https:\/\/dajsadokopy.sk\/rezervacny-system\/wp-json\/wp\/v2\/pages\/634\/revisions\/39542"}],"wp:attachment":[{"href":"https:\/\/dajsadokopy.sk\/rezervacny-system\/wp-json\/wp\/v2\/media?parent=634"}],"curies":[{"name":"wp","href":"https:\/\/api.w.org\/{rel}","templated":true}]}}